{"id":1442,"date":"2020-05-12T10:32:53","date_gmt":"2020-05-12T08:32:53","guid":{"rendered":"https:\/\/www.beagroup.eu\/bea-group\/"},"modified":"2024-10-30T11:10:18","modified_gmt":"2024-10-30T10:10:18","slug":"bea-group","status":"publish","type":"page","link":"https:\/\/www.beagroup.eu\/it\/bea-group\/","title":{"rendered":"Bea Group"},"content":{"rendered":"\r\n<h1 class=\"wp-block-heading\">Benvenuto !<\/h1>\r\n\r\n\r\n\r\n<h3 class=\"wp-block-heading\">Gruppo BEA, la garanzia di un alleato agile ed efficiente.<\/h3>\r\n<p>&nbsp;<\/p>\r\n\r\n\r\n","protected":false},"excerpt":{"rendered":"<p>Benvenuto ! Gruppo BEA, la garanzia di un alleato agile ed efficiente. &nbsp;<\/p>\n","protected":false},"author":4,"featured_media":1231,"parent":0,"menu_order":0,"comment_status":"closed","ping_status":"closed","template":"template-home.php","meta":{"_acf_changed":false,"footnotes":""},"class_list":["post-1442","page","type-page","status-publish","has-post-thumbnail","hentry"],"acf":[],"yoast_head":"<!-- This site is optimized with the Yoast SEO plugin v25.8 - https:\/\/yoast.com\/wordpress\/plugins\/seo\/ -->\n<title>Bea Group - L&#039;assurance d&#039;un alli\u00e9 agile et efficace<\/title>\n<meta name=\"description\" content=\"BEA Group c&#039;est 3 marques expertes : BEAH, BEAC et Hygierisk sp\u00e9cialis\u00e9es dans l&#039;assurance des acteurs de la sant\u00e9, des collectivit\u00e9s territoriales...\" \/>\n<meta name=\"robots\" content=\"index, follow, max-snippet:-1, max-image-preview:large, max-video-preview:-1\" \/>\n<link rel=\"canonical\" href=\"https:\/\/www.beagroup.eu\/it\/\" \/>\n<meta property=\"og:locale\" content=\"it_IT\" \/>\n<meta property=\"og:type\" content=\"article\" \/>\n<meta property=\"og:title\" content=\"Bea Group - L&#039;assurance d&#039;un alli\u00e9 agile et efficace\" \/>\n<meta property=\"og:description\" content=\"BEA Group c&#039;est 3 marques expertes : BEAH, BEAC et Hygierisk sp\u00e9cialis\u00e9es dans l&#039;assurance des acteurs de la sant\u00e9, des collectivit\u00e9s territoriales...\" \/>\n<meta property=\"og:url\" content=\"https:\/\/www.beagroup.eu\/it\/\" \/>\n<meta property=\"og:site_name\" content=\"Bea Group\" \/>\n<meta property=\"article:modified_time\" content=\"2024-10-30T10:10:18+00:00\" \/>\n<meta property=\"og:image\" content=\"https:\/\/www.beagroup.eu\/wp-content\/uploads\/2020\/09\/bea.jpg\" \/>\n\t<meta property=\"og:image:width\" content=\"1920\" \/>\n\t<meta property=\"og:image:height\" content=\"2007\" \/>\n\t<meta property=\"og:image:type\" content=\"image\/jpeg\" \/>\n<meta name=\"twitter:card\" content=\"summary_large_image\" \/>\n<meta name=\"twitter:label1\" content=\"Tempo di lettura stimato\" \/>\n\t<meta name=\"twitter:data1\" content=\"1 minuto\" \/>\n<script type=\"application\/ld+json\" class=\"yoast-schema-graph\">{\"@context\":\"https:\/\/schema.org\",\"@graph\":[{\"@type\":\"WebPage\",\"@id\":\"https:\/\/www.beagroup.eu\/it\/\",\"url\":\"https:\/\/www.beagroup.eu\/it\/\",\"name\":\"Bea Group - L'assurance d'un alli\u00e9 agile et efficace\",\"isPartOf\":{\"@id\":\"https:\/\/www.beagroup.eu\/#website\"},\"primaryImageOfPage\":{\"@id\":\"https:\/\/www.beagroup.eu\/it\/#primaryimage\"},\"image\":{\"@id\":\"https:\/\/www.beagroup.eu\/it\/#primaryimage\"},\"thumbnailUrl\":\"https:\/\/www.beagroup.eu\/wp-content\/uploads\/2020\/09\/bea.jpg\",\"datePublished\":\"2020-05-12T08:32:53+00:00\",\"dateModified\":\"2024-10-30T10:10:18+00:00\",\"description\":\"BEA Group c'est 3 marques expertes : BEAH, BEAC et Hygierisk sp\u00e9cialis\u00e9es dans l'assurance des acteurs de la sant\u00e9, des collectivit\u00e9s territoriales...\",\"inLanguage\":\"it-IT\",\"potentialAction\":[{\"@type\":\"ReadAction\",\"target\":[\"https:\/\/www.beagroup.eu\/it\/\"]}]},{\"@type\":\"ImageObject\",\"inLanguage\":\"it-IT\",\"@id\":\"https:\/\/www.beagroup.eu\/it\/#primaryimage\",\"url\":\"https:\/\/www.beagroup.eu\/wp-content\/uploads\/2020\/09\/bea.jpg\",\"contentUrl\":\"https:\/\/www.beagroup.eu\/wp-content\/uploads\/2020\/09\/bea.jpg\",\"width\":1920,\"height\":2007,\"caption\":\"BEA Group, l\u2019assurance d\u2019un alli\u00e9 agile et efficace.\"},{\"@type\":\"WebSite\",\"@id\":\"https:\/\/www.beagroup.eu\/#website\",\"url\":\"https:\/\/www.beagroup.eu\/\",\"name\":\"Bea Group\",\"description\":\"Un site utilisant WordPress\",\"potentialAction\":[{\"@type\":\"SearchAction\",\"target\":{\"@type\":\"EntryPoint\",\"urlTemplate\":\"https:\/\/www.beagroup.eu\/?s={search_term_string}\"},\"query-input\":{\"@type\":\"PropertyValueSpecification\",\"valueRequired\":true,\"valueName\":\"search_term_string\"}}],\"inLanguage\":\"it-IT\"}]}<\/script>\n<!-- \/ Yoast SEO plugin. -->","yoast_head_json":{"title":"Bea Group - L'assurance d'un alli\u00e9 agile et efficace","description":"BEA Group c'est 3 marques expertes : BEAH, BEAC et Hygierisk sp\u00e9cialis\u00e9es dans l'assurance des acteurs de la sant\u00e9, des collectivit\u00e9s territoriales...","robots":{"index":"index","follow":"follow","max-snippet":"max-snippet:-1","max-image-preview":"max-image-preview:large","max-video-preview":"max-video-preview:-1"},"canonical":"https:\/\/www.beagroup.eu\/it\/","og_locale":"it_IT","og_type":"article","og_title":"Bea Group - L'assurance d'un alli\u00e9 agile et efficace","og_description":"BEA Group c'est 3 marques expertes : BEAH, BEAC et Hygierisk sp\u00e9cialis\u00e9es dans l'assurance des acteurs de la sant\u00e9, des collectivit\u00e9s territoriales...","og_url":"https:\/\/www.beagroup.eu\/it\/","og_site_name":"Bea Group","article_modified_time":"2024-10-30T10:10:18+00:00","og_image":[{"width":1920,"height":2007,"url":"https:\/\/www.beagroup.eu\/wp-content\/uploads\/2020\/09\/bea.jpg","type":"image\/jpeg"}],"twitter_card":"summary_large_image","twitter_misc":{"Tempo di lettura stimato":"1 minuto"},"schema":{"@context":"https:\/\/schema.org","@graph":[{"@type":"WebPage","@id":"https:\/\/www.beagroup.eu\/it\/","url":"https:\/\/www.beagroup.eu\/it\/","name":"Bea Group - L'assurance d'un alli\u00e9 agile et efficace","isPartOf":{"@id":"https:\/\/www.beagroup.eu\/#website"},"primaryImageOfPage":{"@id":"https:\/\/www.beagroup.eu\/it\/#primaryimage"},"image":{"@id":"https:\/\/www.beagroup.eu\/it\/#primaryimage"},"thumbnailUrl":"https:\/\/www.beagroup.eu\/wp-content\/uploads\/2020\/09\/bea.jpg","datePublished":"2020-05-12T08:32:53+00:00","dateModified":"2024-10-30T10:10:18+00:00","description":"BEA Group c'est 3 marques expertes : BEAH, BEAC et Hygierisk sp\u00e9cialis\u00e9es dans l'assurance des acteurs de la sant\u00e9, des collectivit\u00e9s territoriales...","inLanguage":"it-IT","potentialAction":[{"@type":"ReadAction","target":["https:\/\/www.beagroup.eu\/it\/"]}]},{"@type":"ImageObject","inLanguage":"it-IT","@id":"https:\/\/www.beagroup.eu\/it\/#primaryimage","url":"https:\/\/www.beagroup.eu\/wp-content\/uploads\/2020\/09\/bea.jpg","contentUrl":"https:\/\/www.beagroup.eu\/wp-content\/uploads\/2020\/09\/bea.jpg","width":1920,"height":2007,"caption":"BEA Group, l\u2019assurance d\u2019un alli\u00e9 agile et efficace."},{"@type":"WebSite","@id":"https:\/\/www.beagroup.eu\/#website","url":"https:\/\/www.beagroup.eu\/","name":"Bea Group","description":"Un site utilisant WordPress","potentialAction":[{"@type":"SearchAction","target":{"@type":"EntryPoint","urlTemplate":"https:\/\/www.beagroup.eu\/?s={search_term_string}"},"query-input":{"@type":"PropertyValueSpecification","valueRequired":true,"valueName":"search_term_string"}}],"inLanguage":"it-IT"}]}},"_links":{"self":[{"href":"https:\/\/www.beagroup.eu\/it\/wp-json\/wp\/v2\/pages\/1442","targetHints":{"allow":["GET"]}}],"collection":[{"href":"https:\/\/www.beagroup.eu\/it\/wp-json\/wp\/v2\/pages"}],"about":[{"href":"https:\/\/www.beagroup.eu\/it\/wp-json\/wp\/v2\/types\/page"}],"author":[{"embeddable":true,"href":"https:\/\/www.beagroup.eu\/it\/wp-json\/wp\/v2\/users\/4"}],"replies":[{"embeddable":true,"href":"https:\/\/www.beagroup.eu\/it\/wp-json\/wp\/v2\/comments?post=1442"}],"version-history":[{"count":0,"href":"https:\/\/www.beagroup.eu\/it\/wp-json\/wp\/v2\/pages\/1442\/revisions"}],"wp:featuredmedia":[{"embeddable":true,"href":"https:\/\/www.beagroup.eu\/it\/wp-json\/wp\/v2\/media\/1231"}],"wp:attachment":[{"href":"https:\/\/www.beagroup.eu\/it\/wp-json\/wp\/v2\/media?parent=1442"}],"curies":[{"name":"wp","href":"https:\/\/api.w.org\/{rel}","templated":true}]}}