{"id":1443,"date":"2020-05-12T10:25:59","date_gmt":"2020-05-12T08:25:59","guid":{"rendered":"https:\/\/www.beagroup.eu\/politique-de-confidentialite\/"},"modified":"2024-10-30T11:12:12","modified_gmt":"2024-10-30T10:12:12","slug":"informazioni-legali","status":"publish","type":"page","link":"https:\/\/www.beagroup.eu\/it\/informazioni-legali\/","title":{"rendered":"Informazioni legali"},"content":{"rendered":"<p class=\"p2\">Ai fini della presente nota legale, alcuni termini sono definiti come segue:<\/p>\n<p class=\"p2\">Utente: utente di Internet che si connette e utilizza il sito di cui sopra.<\/p>\n<p class=\"p3\">Informazioni personali: informazioni che consentono, in qualsiasi forma, direttamente o indirettamente, l&#8217;identificazione delle persone fisiche cui si riferiscono&#8221; (articolo 4 della legge n. 78-17 del 6 gennaio 1978).<\/p>\n<p>&nbsp;<\/p>\n<h3><span class=\"s2\"><b>1. PRESENTAZIONE DEL SITO<\/b><\/span><\/h3>\n<p class=\"p5\">Ai sensi dell&#8217;articolo 6 della legge n. 2004-575 del 21 giugno 2004 sulla fiducia nell&#8217;economia digitale, gli utenti del sito https:\/\/www.beagroup.eu sono informati dell&#8217;identit\u00e0 dei diversi soggetti coinvolti nella sua creazione e nel suo monitoraggio:<\/p>\n<p class=\"p2\">Proprietario: BE-Assurance<\/p>\n<p class=\"p2\">16-18 rue de Londres, 75009 PARIS<\/p>\n<p class=\"p2\">Siret 842 652 141 00016 &#8211; RCS Paris 842 652 141<\/p>\n<p class=\"p2\">SAS au capital de 10 000 euros<\/p>\n<p class=\"p5\">Il Gruppo BEA \u00e8 un marchio di BE-Assurance, la holding delle societ\u00e0 di brokeraggio assicurativo iscritte all&#8217;ORIAS, BEAH (ORIAS n\u00b009050780), BEAC (ORIAS n\u00b015 000 684) e HYGIERISK (ORIAS n\u00b017002738).<\/p>\n<p>BEAH Italy <span lang=\"FR\">BUREAU EUROPEEN D\u2019ASSURANCE HOSPITALIERE, \u00a0<b>09050780<\/b> <b>AUTORIT\u00c9 DE CONTROLE PRUDENTIEL (ACP)<\/b> opera in Italia il regime di libert\u00e0 di stabilimento, ed \u00e8 registrato presso l\u2019Elenco Annesso al Registro degli Intermediari Assicurativi tenuto da IVASS al n.\u00a0<b> <\/b><\/span><b>UE00010467 \u00a0Societ\u00e0 soggetta a Vigilanza dell\u2019IVASS, i dettagli dell\u2019intermediario possono essere consultati sul sito dell\u2019IVASS <a href=\"http:\/\/www.ivass.it\">www.ivass.it<\/a><\/b><\/p>\n<p class=\"p2\"><b>Creatore : Agence Pixies <\/b><\/p>\n<p class=\"p2\">Battant &#8211; 13 quai de Strasbourg, 25000 BESANCON<\/p>\n<p class=\"p5\"><a href=\"mailto:hello@pixies-agency.fr\">hello@pixies-agency.fr<\/a><\/p>\n<p class=\"p2\"><b>Responsabile della pubblicazione : BE-Assurance <\/b><\/p>\n<p class=\"p2\">Marco FAVALE &#8211; Pr\u00e9sident BE-Assurance<\/p>\n<p class=\"p2\">03 81 55 25 25<\/p>\n<p class=\"p5\">Il responsabile della pubblicazione \u00e8 una persona fisica o giuridica.<\/p>\n<p class=\"p2\"><b>Ospite : FC Net<\/b><\/p>\n<p class=\"p2\">6, rue G\u00e9rard Mantion &#8211; Le Trigone \u2013 Temis &#8211; 25000 Besan\u00e7on<\/p>\n<p class=\"p2\">03.81.48.09.09 &#8211; &#8211; contact@fcnet.fr<\/p>\n<p class=\"p3\">www.fcnet.fr<\/p>\n<p>&nbsp;<\/p>\n<h3><span class=\"s2\"><b>2. CONDIZIONI GENERALI DI ACCESSO<\/b><\/span><\/h3>\n<p>L&#8217;utilizzo del sito web https:\/\/www.beagroup.eu implica la piena accettazione delle condizioni generali di utilizzo di seguito riportate. Le presenti condizioni d&#8217;uso possono essere modificate o integrate in qualsiasi momento; si consiglia pertanto agli utenti del sito web https:\/\/www.beagroup.eu di consultarle regolarmente.<\/p>\n<p>Questo sito \u00e8 normalmente accessibile agli utenti in qualsiasi momento. Tuttavia, BE-Assurance pu\u00f2 decidere di interrompere il sito per motivi di manutenzione tecnica; in tal caso, BE-Assurance si impegna a informare preventivamente gli utenti delle date e degli orari dell&#8217;intervento.<\/p>\n<p>Il sito https:\/\/www.beagroup.eu viene aggiornato regolarmente da BE-Assurance. Allo stesso modo, le note legali possono essere modificate in qualsiasi momento: esse sono comunque vincolanti per l&#8217;utente, che \u00e8 invitato a consultarle il pi\u00f9 spesso possibile per prenderne visione.<\/p>\n<p>&nbsp;<\/p>\n<p><strong>3. DESCRIZIONE DEI SERVIZI FORNITI<\/strong><\/p>\n<p>Il sito web <a href=\"https:\/\/www.beagroup.eu\">https:\/\/www.beagroup.eu<\/a> \u00a0ha lo scopo di fornire informazioni su tutte le attivit\u00e0 dell&#8217;azienda.<\/p>\n<p>BE-Assurance si impegna a fornire sul sito https:\/\/www.beagroup.eu informazioni il pi\u00f9 possibile accurate. Tuttavia, non pu\u00f2 essere ritenuta responsabile di eventuali omissioni, imprecisioni o mancati aggiornamenti delle informazioni, siano essi imputabili a BE-Assicurazione o a partner terzi che forniscono le informazioni.<\/p>\n<p>Tutte le informazioni fornite sul sito https:\/\/www.beagroup.eu sono fornite a titolo puramente informativo e sono soggette a modifiche. Inoltre, le informazioni fornite sul sito https:\/\/www.beagroup.eu non sono esaustive. Esse possono essere modificate da quando sono state messe online.<\/p>\n<p>&nbsp;<\/p>\n<h3>4. <strong>POLITIQUE DE CONFIDENTIALIT<span class=\"s2\">\u00c9<\/span><\/strong><\/h3>\n<h4 style=\"padding-left: 40px;\">a. Propriet\u00e0 intellettuale e contraffazione<\/h4>\n<p>BE-Assurance \u00e8 proprietaria dei diritti di propriet\u00e0 intellettuale o detiene i diritti di utilizzo di tutti gli elementi accessibili sul sito, in particolare testi, immagini, grafici, loghi, icone, suoni e software.<\/p>\n<p>\u00c8 vietata la riproduzione, la rappresentazione, la modifica, la pubblicazione, l&#8217;adattamento di tutti o parte degli elementi del sito, qualunque sia il mezzo o il processo utilizzato, salvo previa autorizzazione scritta di : BE-Assurance.<\/p>\n<p>Qualsiasi utilizzo non autorizzato del sito o di uno qualsiasi degli elementi in esso contenuti sar\u00e0 considerato come una violazione e sar\u00e0 perseguito in conformit\u00e0 alle disposizioni degli articoli L.335-2 e seguenti del Codice della Propriet\u00e0 Intellettuale francese.<\/p>\n<p>&nbsp;<\/p>\n<p style=\"padding-left: 40px;\"><strong>b. Gestione dei dati personali<\/strong><\/p>\n<p>In Francia, i dati personali sono protetti in particolare dalla legge n. 78-87 del 6 gennaio 1978, dalla legge n. 2004-801 del 6 agosto 2004, dalla legge n. 2018-493 del 20 giugno 2018, dall&#8217;articolo L. 226-13 del codice penale e dal regolamento (UE) 2016\/679 del Parlamento europeo e del Consiglio del 27 aprile 2016.<\/p>\n<p>Quando si utilizza il sito web https:\/\/www.beagroup.eu, possono essere raccolte le seguenti informazioni: l&#8217;URL dei link attraverso i quali l&#8217;utente accede al sito web https:\/\/www.beagroup.eu, il provider di accesso dell&#8217;utente, l&#8217;indirizzo del protocollo Internet (IP) dell&#8217;utente.<\/p>\n<p>In ogni caso, BE-Assurance raccoglie informazioni personali relative all&#8217;utente solo ai fini di alcuni servizi offerti dal sito https:\/\/www.beagroup.eu. L&#8217;utente fornisce tali informazioni con cognizione di causa, in particolare quando le inserisce personalmente. Gli utenti del sito https:\/\/www.beagroup.eu vengono quindi informati se sono tenuti o meno a fornire tali informazioni.<\/p>\n<p>In conformit\u00e0 alle disposizioni degli articoli 49 e seguenti della legge 78-17 del 6 gennaio 1978, modificata dalla legge 2018-493 del 20 giugno 2018 sulla protezione dei dati personali, tutti gli utenti hanno il diritto di accedere, modificare, rettificare e cancellare i propri dati personali. Per esercitare tali diritti, gli utenti devono inviare una semplice lettera che attesti la loro identit\u00e0 (cognome, nome, indirizzo e-mail o postale e una fotocopia del documento d&#8217;identit\u00e0) al seguente indirizzo postale:<\/p>\n<p>Gruppo BEA &#8211; All&#8217;attenzione del Responsabile della Protezione dei Dati &#8211; 8 rue Alfred de Vigny &#8211; 25000 Besan\u00e7on &#8211; Francia<\/p>\n<p>Nessuna informazione personale dell&#8217;utente del sito https:\/\/www.beagroup.eu viene pubblicata all&#8217;insaputa dell&#8217;utente, scambiata, trasferita, ceduta o venduta su qualsiasi supporto a terzi. Solo l&#8217;ipotesi di riacquisto di BE-Assurance e dei suoi diritti consentirebbe la trasmissione delle suddette informazioni all&#8217;eventuale acquirente che sarebbe a sua volta tenuto allo stesso obbligo di conservazione e modifica dei dati nei confronti dell&#8217;utente del sito https:\/\/www.beagroup.eu.<\/p>\n<p>Le banche dati sono protette dalle disposizioni della legge del 1\u00b0 luglio 1998 che recepisce la direttiva 96\/9 dell&#8217;11 marzo 1996 sulla tutela giuridica delle banche dati.<\/p>\n<p>&nbsp;<\/p>\n<p style=\"padding-left: 40px;\"><strong>c. Link ipertestuali e cookie<\/strong><\/p>\n<p>Il sito https:\/\/www.beagroup.eu contiene una serie di collegamenti ipertestuali ad altri siti, creati con l&#8217;autorizzazione di BE-Assurance. Tuttavia, BE-Assurance non \u00e8 in grado di controllare il contenuto dei siti visitati in questo modo e di conseguenza non si assume alcuna responsabilit\u00e0 al riguardo.<\/p>\n<p>La navigazione sul sito https:\/\/www.beagroup.eu pu\u00f2 comportare l&#8217;installazione di cookie sul computer dell&#8217;utente. Un cookie \u00e8 un piccolo file che non consente di identificare l&#8217;utente, ma che registra informazioni relative alla navigazione di un computer su un sito. I dati ottenuti in questo modo hanno lo scopo di facilitare la successiva navigazione del sito e vengono utilizzati anche per misurare il numero di visitatori.<\/p>\n<p>Il rifiuto di installare un cookie pu\u00f2 rendere impossibile l&#8217;accesso ad alcuni servizi. Tuttavia, gli utenti possono configurare il proprio computer come segue per rifiutare l&#8217;installazione dei cookie:<\/p>\n<p>In Internet Explorer: scheda Strumenti (icona a forma di ruota in alto a destra) \/ Opzioni Internet. Cliccare su Riservatezza e scegliere Blocca tutti i cookie. Confermare con Ok.<\/p>\n<p>Firefox: nella parte superiore della finestra del browser, fare clic sul pulsante Firefox, quindi accedere alla scheda Opzioni. Fare clic sulla scheda Privacy. Impostare le Regole di conservazione su: utilizza impostazioni personalizzate per la cronologia. Infine, deselezionare per disattivare i cookie.<\/p>\n<p>Su Safari: fare clic sull&#8217;icona del menu (simboleggiata da un ingranaggio) nell&#8217;angolo superiore destro del browser. Selezionare Impostazioni. Cliccare su Mostra impostazioni avanzate. Nella sezione &#8220;Riservatezza&#8221;, cliccare su &#8220;Impostazioni contenuti&#8221;. Nella sezione &#8220;Cookie&#8221; \u00e8 possibile bloccare i cookie.<\/p>\n<p>In Chrome: fare clic sull&#8217;icona del menu (simboleggiata da tre linee orizzontali) nell&#8217;angolo superiore destro del browser. Selezionare Impostazioni. Cliccare su Mostra impostazioni avanzate. Nella sezione &#8220;Riservatezza&#8221;, cliccare su preferenze. Nella scheda &#8220;Riservatezza&#8221; \u00e8 possibile bloccare i cookie.<\/p>\n<p><strong>5. LIMITAZIONI DI RESPONSABILIT\u00c0<\/strong><\/p>\n<p>BE-Assurance declina ogni responsabilit\u00e0 in caso di interruzione del sito, in particolare per operazioni di manutenzione tecnica o di aggiornamento delle informazioni pubblicate, o in caso di impossibilit\u00e0 di accesso agli spazi e ai servizi online, in particolare a causa di problemi tecnici, qualunque sia la loro origine e la loro fonte.<\/p>\n<p>BE-Assurance non pu\u00f2 essere ritenuta responsabile di eventuali danni materiali derivanti dall&#8217;utilizzo del sito. Inoltre, l&#8217;utente del sito si impegna ad accedere al sito utilizzando apparecchiature recenti, prive di virus e con un browser aggiornato.<\/p>\n<p>BE-Assurance non potr\u00e0 essere ritenuta responsabile di eventuali danni diretti o indiretti causati alle apparecchiature dell&#8217;utente durante l&#8217;accesso al sito https:\/\/www.beagroup.eu, derivanti sia dall&#8217;utilizzo di apparecchiature non conformi alle specifiche indicate nel paragrafo precedente, sia dalla comparsa di bug o incompatibilit\u00e0.<\/p>\n<p>BE-Assurance non potr\u00e0 inoltre essere ritenuta responsabile per danni indiretti (come la perdita di affari o di opportunit\u00e0) derivanti dall&#8217;uso del sito https:\/\/www.beagroup.eu.<\/p>\n<p>L&#8217;utente si impegna a utilizzare il sito Internet di BE-Assurance in conformit\u00e0 alle presenti condizioni generali di utilizzo e, pi\u00f9 in generale, nel rispetto della legislazione vigente, dell&#8217;ordine pubblico e del buon costume. L&#8217;utente si impegna a non trasmettere pubblicit\u00e0 o materiale non richiesto (&#8220;spamming&#8221;), n\u00e9 contenuti contenenti virus informatici.<\/p>\n<p>Gli utenti hanno a disposizione aree interattive (possibilit\u00e0 di porre domande nell&#8217;area contatti). BE-Assurance declina ogni responsabilit\u00e0 in caso di usurpazione della vostra identit\u00e0.<\/p>\n<p>BE-Assurance si riserva il diritto di cancellare, senza preavviso, qualsiasi contenuto pubblicato in questo spazio che contravvenga alla legislazione applicabile in Francia, in particolare alle disposizioni relative alla protezione dei dati. Se del caso, BE-Assurance si riserva anche il diritto di ritenere l&#8217;utente responsabile civilmente e\/o penalmente, in particolare in caso di messaggi di natura razzista, ingiuriosa, diffamatoria o pornografica, qualunque sia il mezzo utilizzato (testo, fotografie, ecc.).<\/p>\n<p>&nbsp;<\/p>\n<p><strong>6. LEGGE APPLICABILE E GIURISDIZIONE<\/strong><\/p>\n<p>Qualsiasi inadempimento da parte dell&#8217;utente, ovunque si trovi, delle disposizioni delle CGU e, pi\u00f9 in generale, qualsiasi controversia relativa all&#8217;utilizzo del sito https:\/\/www.beagroup.eu \u00e8 soggetta alla legge francese. I tribunali competenti di Parigi hanno giurisdizione esclusiva.<\/p>\n<p>&nbsp;<\/p>\n<p><strong>7. le principali leggi pertinenti<\/strong><\/p>\n<p>Legge n. 78-87 del 6 gennaio 1978, modificata dalla legge n. 2018-493 del 20 giugno 2018.<\/p>\n<p>Legge n. 2004-575 del 21 giugno 2004 sulla fiducia nell&#8217;economia digitale.<\/p>\n<p>Articoli da 226-16 a 226-24 del Codice penale francese.<\/p>\n<p>&nbsp;<\/p>\n<p><strong>8. CREDITI PER ILLUSTRAZIONI, IMMAGINI E FOTOGRAFIE<\/strong><\/p>\n<p>Pop-up News: Come accedere alla finestra di dialogo: Foto di sfondo creata da jcomp &#8211; it.freepik.com<br \/>\nFoto Devis Hygierisk: Foto aziendale creata da mindandi &#8211; it.freepik.com<\/p>\n<div><\/div>\n<p>&nbsp;<\/p>\n<p><strong>9. INDICE DI PARIT\u00c0 DI GENERE<\/strong><\/p>\n<p>Indice complessivo 2023 non calcolabile. Escluso l&#8217;indicatore di retribuzione (non calcolabile): 45\/45<\/p>\n<div><\/div>\n","protected":false},"excerpt":{"rendered":"<p>Ai fini della presente nota legale, alcuni termini sono definiti come segue: Utente: utente di Internet che si connette e utilizza il sito di cui sopra. Informazioni personali: informazioni che consentono, in qualsiasi forma, direttamente o indirettamente, l&#8217;identificazione delle persone fisiche cui si riferiscono&#8221; (articolo 4 della legge n. 78-17 del 6 gennaio 1978). &nbsp; [&hellip;]<\/p>\n","protected":false},"author":4,"featured_media":0,"parent":0,"menu_order":0,"comment_status":"closed","ping_status":"closed","template":"template-about.php","meta":{"_acf_changed":false,"footnotes":""},"class_list":["post-1443","page","type-page","status-publish","hentry"],"acf":[],"yoast_head":"<!-- This site is optimized with the Yoast SEO plugin v25.8 - https:\/\/yoast.com\/wordpress\/plugins\/seo\/ -->\n<title>Informazioni legali - Bea Group<\/title>\n<meta name=\"robots\" content=\"index, follow, max-snippet:-1, max-image-preview:large, max-video-preview:-1\" \/>\n<link rel=\"canonical\" href=\"https:\/\/www.beagroup.eu\/it\/informazioni-legali\/\" \/>\n<meta property=\"og:locale\" content=\"it_IT\" \/>\n<meta property=\"og:type\" content=\"article\" \/>\n<meta property=\"og:title\" content=\"Informazioni legali - Bea Group\" \/>\n<meta property=\"og:description\" content=\"Ai fini della presente nota legale, alcuni termini sono definiti come segue: Utente: utente di Internet che si connette e utilizza il sito di cui sopra. Informazioni personali: informazioni che consentono, in qualsiasi forma, direttamente o indirettamente, l&#8217;identificazione delle persone fisiche cui si riferiscono&#8221; (articolo 4 della legge n. 78-17 del 6 gennaio 1978). &nbsp; [&hellip;]\" \/>\n<meta property=\"og:url\" content=\"https:\/\/www.beagroup.eu\/it\/informazioni-legali\/\" \/>\n<meta property=\"og:site_name\" content=\"Bea Group\" \/>\n<meta property=\"article:modified_time\" content=\"2024-10-30T10:12:12+00:00\" \/>\n<meta name=\"twitter:card\" content=\"summary_large_image\" \/>\n<meta name=\"twitter:label1\" content=\"Tempo di lettura stimato\" \/>\n\t<meta name=\"twitter:data1\" content=\"9 minuti\" \/>\n<script type=\"application\/ld+json\" class=\"yoast-schema-graph\">{\"@context\":\"https:\/\/schema.org\",\"@graph\":[{\"@type\":\"WebPage\",\"@id\":\"https:\/\/www.beagroup.eu\/it\/informazioni-legali\/\",\"url\":\"https:\/\/www.beagroup.eu\/it\/informazioni-legali\/\",\"name\":\"Informazioni legali - Bea Group\",\"isPartOf\":{\"@id\":\"https:\/\/www.beagroup.eu\/#website\"},\"datePublished\":\"2020-05-12T08:25:59+00:00\",\"dateModified\":\"2024-10-30T10:12:12+00:00\",\"inLanguage\":\"it-IT\",\"potentialAction\":[{\"@type\":\"ReadAction\",\"target\":[\"https:\/\/www.beagroup.eu\/it\/informazioni-legali\/\"]}]},{\"@type\":\"WebSite\",\"@id\":\"https:\/\/www.beagroup.eu\/#website\",\"url\":\"https:\/\/www.beagroup.eu\/\",\"name\":\"Bea Group\",\"description\":\"Un site utilisant WordPress\",\"potentialAction\":[{\"@type\":\"SearchAction\",\"target\":{\"@type\":\"EntryPoint\",\"urlTemplate\":\"https:\/\/www.beagroup.eu\/?s={search_term_string}\"},\"query-input\":{\"@type\":\"PropertyValueSpecification\",\"valueRequired\":true,\"valueName\":\"search_term_string\"}}],\"inLanguage\":\"it-IT\"}]}<\/script>\n<!-- \/ Yoast SEO plugin. -->","yoast_head_json":{"title":"Informazioni legali - Bea Group","robots":{"index":"index","follow":"follow","max-snippet":"max-snippet:-1","max-image-preview":"max-image-preview:large","max-video-preview":"max-video-preview:-1"},"canonical":"https:\/\/www.beagroup.eu\/it\/informazioni-legali\/","og_locale":"it_IT","og_type":"article","og_title":"Informazioni legali - Bea Group","og_description":"Ai fini della presente nota legale, alcuni termini sono definiti come segue: Utente: utente di Internet che si connette e utilizza il sito di cui sopra. Informazioni personali: informazioni che consentono, in qualsiasi forma, direttamente o indirettamente, l&#8217;identificazione delle persone fisiche cui si riferiscono&#8221; (articolo 4 della legge n. 78-17 del 6 gennaio 1978). &nbsp; [&hellip;]","og_url":"https:\/\/www.beagroup.eu\/it\/informazioni-legali\/","og_site_name":"Bea Group","article_modified_time":"2024-10-30T10:12:12+00:00","twitter_card":"summary_large_image","twitter_misc":{"Tempo di lettura stimato":"9 minuti"},"schema":{"@context":"https:\/\/schema.org","@graph":[{"@type":"WebPage","@id":"https:\/\/www.beagroup.eu\/it\/informazioni-legali\/","url":"https:\/\/www.beagroup.eu\/it\/informazioni-legali\/","name":"Informazioni legali - Bea Group","isPartOf":{"@id":"https:\/\/www.beagroup.eu\/#website"},"datePublished":"2020-05-12T08:25:59+00:00","dateModified":"2024-10-30T10:12:12+00:00","inLanguage":"it-IT","potentialAction":[{"@type":"ReadAction","target":["https:\/\/www.beagroup.eu\/it\/informazioni-legali\/"]}]},{"@type":"WebSite","@id":"https:\/\/www.beagroup.eu\/#website","url":"https:\/\/www.beagroup.eu\/","name":"Bea Group","description":"Un site utilisant WordPress","potentialAction":[{"@type":"SearchAction","target":{"@type":"EntryPoint","urlTemplate":"https:\/\/www.beagroup.eu\/?s={search_term_string}"},"query-input":{"@type":"PropertyValueSpecification","valueRequired":true,"valueName":"search_term_string"}}],"inLanguage":"it-IT"}]}},"_links":{"self":[{"href":"https:\/\/www.beagroup.eu\/it\/wp-json\/wp\/v2\/pages\/1443","targetHints":{"allow":["GET"]}}],"collection":[{"href":"https:\/\/www.beagroup.eu\/it\/wp-json\/wp\/v2\/pages"}],"about":[{"href":"https:\/\/www.beagroup.eu\/it\/wp-json\/wp\/v2\/types\/page"}],"author":[{"embeddable":true,"href":"https:\/\/www.beagroup.eu\/it\/wp-json\/wp\/v2\/users\/4"}],"replies":[{"embeddable":true,"href":"https:\/\/www.beagroup.eu\/it\/wp-json\/wp\/v2\/comments?post=1443"}],"version-history":[{"count":0,"href":"https:\/\/www.beagroup.eu\/it\/wp-json\/wp\/v2\/pages\/1443\/revisions"}],"wp:attachment":[{"href":"https:\/\/www.beagroup.eu\/it\/wp-json\/wp\/v2\/media?parent=1443"}],"curies":[{"name":"wp","href":"https:\/\/api.w.org\/{rel}","templated":true}]}}